{"id":615,"date":"2024-08-28T12:24:59","date_gmt":"2024-08-28T12:24:59","guid":{"rendered":"https:\/\/www.naturreseau.lu\/politique-de-confidentialite\/"},"modified":"2024-08-28T12:50:26","modified_gmt":"2024-08-28T12:50:26","slug":"datenschutzerklarung","status":"publish","type":"page","link":"https:\/\/www.naturreseau.lu\/de\/datenschutzerklarung\/","title":{"rendered":"Datenschutzerkl\u00e4rung"},"content":{"rendered":"<p style=\"text-align: justify;\"><strong>Traitement des donn\u00e9es \u00e0 caract\u00e8re personnel des visiteurs et des utilisateurs.<\/strong><\/p>\n<p style=\"text-align: justify;\">Le site <a href=\"https:\/\/www.naturreseau.lu\/de\/\">www.naturreseau.lu<\/a> est un site web de l&#8217;association natur&amp;emw\u00eblt (dont le si\u00e8ge est situ\u00e9 5, Route de Luxembourg L-1899 Kockelscheuer Luxembourg).<\/p>\n<p style=\"text-align: justify;\">natur&amp;emw\u00eblt s\u2019engage \u00e0 ce que la collecte et le traitement de vos donn\u00e9es, effectu\u00e9s \u00e0 parti du site\u00a0<a href=\"https:\/\/www.naturreseau.lu\/de\/\">www.naturreseau.lu<\/a> soient conformes au r\u00e8glement g\u00e9n\u00e9ral sur la protection des donn\u00e9es (RGPD), adopt\u00e9 par le Parlement europ\u00e9en le\u00a014 avril 2016 (r\u00e8glement n\u00b02016\/769).<\/p>\n<p style=\"text-align: justify;\">Pour toute information ou exercice de vos droits sur les traitements de donn\u00e9es personnelles g\u00e9r\u00e9es par Cristalnet vous pouvez adresser votre requ\u00eate via :<\/p>\n<p>\u2013 mail :\u00a0secretariat@naturemwelt.lu<\/p>\n<p>\u2013 courrier sign\u00e9 accompagn\u00e9 de la copie d\u2019un titre d\u2019identit\u00e9 \u00e0 l\u2019adresse suivante\u00a0: natur&amp;emw\u00eblt \u2013 5, Route de Luxembourg L-1899 Kockelscheuer Luxembourg<\/p>\n<p style=\"text-align: justify;\">Traitement des donn\u00e9es \u00e0 caract\u00e8re personnel des visiteurs et des utilisateurs du site\u00a0<a href=\"https:\/\/www.naturreseau.lu\/de\/\">www.naturreseau.lu<\/a><\/p>\n<p style=\"text-align: justify;\"><strong>Formulaires et demandes d\u2019information<\/strong><\/p>\n<p style=\"text-align: justify;\">Les donn\u00e9es \u00e0 caract\u00e8re personnel que l\u2019utilisateur communique lors de l\u2019envoi d\u2019un formulaire ou d\u2019une demande d\u2019information sont uniquement trait\u00e9es par natur&amp;emw\u00eblt en vue de pouvoir r\u00e9pondre \u00e0 la demande de l\u2019utilisateur.<\/p>\n<p style=\"text-align: justify;\">Les donn\u00e9es \u00e0 caract\u00e8re personnel des utilisateurs ne sont transmises qu\u2019au personnel charg\u00e9 de traiter les demandes. Ces donn\u00e9es peuvent \u00eatre communiqu\u00e9es \u00e0 des personnes ext\u00e9rieures au natur&amp;emw\u00eblt lorsque cela s\u2019av\u00e8re n\u00e9cessaire pour le traitement de la demande de l\u2019utilisateur. En aucun cas, elles\u00a0ne sont trait\u00e9es \u00e0 des fins commerciales.<\/p>\n<p style=\"text-align: justify;\"><strong>Inscription \u00e0 la newsletter et aux e-mailings<\/strong><\/p>\n<p style=\"text-align: justify;\">Lors d\u2019une inscription \u00e0 notre\u00a0liste de diffusion \u00e9lectronique\u00a0(newsletter et e-mailings), les donn\u00e9es \u00e0 caract\u00e8re personnel communiqu\u00e9es par l\u2019utilisateur sont stock\u00e9es dans la base de donn\u00e9es de contacts de Cristalnet et, d\u2019autre part,\u00a0aupr\u00e8s de Mailpoet, service tiers de gestion de listes et d\u2019envoi d\u2019e-mailings. En vous inscrivant \u00e0 notre liste de diffusion, vous\u00a0acceptez que les informations que vous fournissez soient transf\u00e9r\u00e9es \u00e0 Mailpoet pour traitement conform\u00e9ment \u00e0 leur\u00a0politique de confidentialit\u00e9\u00a0et\u00a0conditions d\u2019utilisation.<\/p>\n<p style=\"text-align: justify;\"><strong>Utilisation de cookies<\/strong><\/p>\n<p style=\"text-align: justify;\">Certaines informations peuvent \u00eatre enregistr\u00e9es de fa\u00e7on automatique par le biais des cookies, de petits fichiers sauvegard\u00e9s sur le disque dur de votre ordinateur lors de vos visites. Les informations ainsi r\u00e9colt\u00e9es sont anonymes et ne nous permettent pas de vous identifier. Les cookies ne peuvent ni ex\u00e9cuter de programmes ni placer des virus sur votre ordinateur. Ils vous sont attribu\u00e9s individuellement. Les cookies de ce site web ne peuvent \u00eatre lus que par ce site. Vous pouvez supprimer ces fichiers \u00e0 tout moment. Vous avez en outre le droit de refuser le placement de cookies en adaptant les param\u00e8tres de votre navigateur. Dans les deux cas, cela peut rendre votre navigation moins agr\u00e9able.<\/p>\n<p style=\"text-align: justify;\"><strong>Cookies de mesure d\u2019audience<\/strong><\/p>\n<p style=\"text-align: justify;\">Pour mesurer l\u2019audience du site\u00a0<a href=\"https:\/\/www.naturreseau.lu\/de\/\">www.naturreseau.lu<\/a>, nous utilisons Google Analytics, uniquement \u00e0 des fins statistiques. Nous n\u2019utilisons donc pas de cookies publicitaires. Les donn\u00e9es personnelles recueillies (identifiant du cookie) sont conserv\u00e9es par Google Analytics pour une dur\u00e9e de 26 mois.<\/p>\n<p style=\"text-align: justify;\"><strong>Comment d\u00e9sactiver les cookies\u00a0?<\/strong><\/p>\n<p><a href=\"http:\/\/https%20\/\/support.microsoft.com\/fr-be\/help\/17442\/windows-internet-explorer-delete-manage-cookies\" target=\"_blank\" rel=\"noopener\">Internet Explorer<\/a><\/p>\n<p><a href=\"http:\/\/http%20\/\/support.google.com\/chrome\/bin\/answer.py%20?hl=fr&amp;answer=95647\" target=\"_blank\" rel=\"noopener\">Chrome<\/a><\/p>\n<p><a href=\"http:\/\/support.mozilla.org\/fr\/kb\/activer-desactiver-cookies\" target=\"_blank\" rel=\"noopener\">Firefox<\/a><\/p>\n<p><a href=\"https:\/\/support.apple.com\/kb\/ph21411?locale=fr_CA\" target=\"_blank\" rel=\"noopener\">Safari<\/a><\/p>\n","protected":false},"excerpt":{"rendered":"<p>Traitement des donn\u00e9es \u00e0 caract\u00e8re personnel des visiteurs et des utilisateurs. Le site www.naturreseau.lu est un site web de l&#8217;association natur&amp;emw\u00eblt (dont le si\u00e8ge est situ\u00e9 5, Route de Luxembourg L-1899 Kockelscheuer Luxembourg). natur&amp;emw\u00eblt s\u2019engage \u00e0 ce que la collecte et le traitement de vos donn\u00e9es, effectu\u00e9s \u00e0 parti du site\u00a0www.naturreseau.lu soient conformes au r\u00e8glement [&hellip;]<\/p>\n","protected":false},"author":2,"featured_media":362,"parent":0,"menu_order":0,"comment_status":"closed","ping_status":"closed","template":"","meta":{"_acf_changed":false,"inline_featured_image":false,"footnotes":""},"class_list":["post-615","page","type-page","status-publish","has-post-thumbnail","hentry"],"acf":[],"yoast_head":"<!-- This site is optimized with the Yoast SEO plugin v25.5 - https:\/\/yoast.com\/wordpress\/plugins\/seo\/ -->\n<title>Datenschutzerkl\u00e4rung - Naturreseau<\/title>\n<meta name=\"robots\" content=\"index, follow, max-snippet:-1, max-image-preview:large, max-video-preview:-1\" \/>\n<link rel=\"canonical\" href=\"https:\/\/www.naturreseau.lu\/de\/datenschutzerklarung\/\" \/>\n<meta property=\"og:locale\" content=\"de_DE\" \/>\n<meta property=\"og:type\" content=\"article\" \/>\n<meta property=\"og:title\" content=\"Datenschutzerkl\u00e4rung - Naturreseau\" \/>\n<meta property=\"og:description\" content=\"Traitement des donn\u00e9es \u00e0 caract\u00e8re personnel des visiteurs et des utilisateurs. Le site www.naturreseau.lu est un site web de l&#8217;association natur&amp;emw\u00eblt (dont le si\u00e8ge est situ\u00e9 5, Route de Luxembourg L-1899 Kockelscheuer Luxembourg). natur&amp;emw\u00eblt s\u2019engage \u00e0 ce que la collecte et le traitement de vos donn\u00e9es, effectu\u00e9s \u00e0 parti du site\u00a0www.naturreseau.lu soient conformes au r\u00e8glement [&hellip;]\" \/>\n<meta property=\"og:url\" content=\"https:\/\/www.naturreseau.lu\/de\/datenschutzerklarung\/\" \/>\n<meta property=\"og:site_name\" content=\"Naturreseau\" \/>\n<meta property=\"article:modified_time\" content=\"2024-08-28T12:50:26+00:00\" \/>\n<meta property=\"og:image\" content=\"https:\/\/www.naturreseau.lu\/wp-content\/uploads\/2024\/08\/thumbnail06.jpg\" \/>\n\t<meta property=\"og:image:width\" content=\"1440\" \/>\n\t<meta property=\"og:image:height\" content=\"495\" \/>\n\t<meta property=\"og:image:type\" content=\"image\/jpeg\" \/>\n<meta name=\"twitter:card\" content=\"summary_large_image\" \/>\n<meta name=\"twitter:label1\" content=\"Gesch\u00e4tzte Lesezeit\" \/>\n\t<meta name=\"twitter:data1\" content=\"3\u00a0Minuten\" \/>\n<script type=\"application\/ld+json\" class=\"yoast-schema-graph\">{\"@context\":\"https:\/\/schema.org\",\"@graph\":[{\"@type\":\"WebPage\",\"@id\":\"https:\/\/www.naturreseau.lu\/de\/datenschutzerklarung\/\",\"url\":\"https:\/\/www.naturreseau.lu\/de\/datenschutzerklarung\/\",\"name\":\"Datenschutzerkl\u00e4rung - Naturreseau\",\"isPartOf\":{\"@id\":\"https:\/\/www.naturreseau.lu\/de\/#website\"},\"primaryImageOfPage\":{\"@id\":\"https:\/\/www.naturreseau.lu\/de\/datenschutzerklarung\/#primaryimage\"},\"image\":{\"@id\":\"https:\/\/www.naturreseau.lu\/de\/datenschutzerklarung\/#primaryimage\"},\"thumbnailUrl\":\"https:\/\/www.naturreseau.lu\/wp-content\/uploads\/2024\/08\/thumbnail06.jpg\",\"datePublished\":\"2024-08-28T12:24:59+00:00\",\"dateModified\":\"2024-08-28T12:50:26+00:00\",\"breadcrumb\":{\"@id\":\"https:\/\/www.naturreseau.lu\/de\/datenschutzerklarung\/#breadcrumb\"},\"inLanguage\":\"de\",\"potentialAction\":[{\"@type\":\"ReadAction\",\"target\":[\"https:\/\/www.naturreseau.lu\/de\/datenschutzerklarung\/\"]}]},{\"@type\":\"ImageObject\",\"inLanguage\":\"de\",\"@id\":\"https:\/\/www.naturreseau.lu\/de\/datenschutzerklarung\/#primaryimage\",\"url\":\"https:\/\/www.naturreseau.lu\/wp-content\/uploads\/2024\/08\/thumbnail06.jpg\",\"contentUrl\":\"https:\/\/www.naturreseau.lu\/wp-content\/uploads\/2024\/08\/thumbnail06.jpg\",\"width\":1440,\"height\":495},{\"@type\":\"BreadcrumbList\",\"@id\":\"https:\/\/www.naturreseau.lu\/de\/datenschutzerklarung\/#breadcrumb\",\"itemListElement\":[{\"@type\":\"ListItem\",\"position\":1,\"name\":\"Home\",\"item\":\"https:\/\/www.naturreseau.lu\/de\/\"},{\"@type\":\"ListItem\",\"position\":2,\"name\":\"Datenschutzerkl\u00e4rung\"}]},{\"@type\":\"WebSite\",\"@id\":\"https:\/\/www.naturreseau.lu\/de\/#website\",\"url\":\"https:\/\/www.naturreseau.lu\/de\/\",\"name\":\"Naturreseau\",\"description\":\"My WordPress Blog\",\"potentialAction\":[{\"@type\":\"SearchAction\",\"target\":{\"@type\":\"EntryPoint\",\"urlTemplate\":\"https:\/\/www.naturreseau.lu\/de\/?s={search_term_string}\"},\"query-input\":{\"@type\":\"PropertyValueSpecification\",\"valueRequired\":true,\"valueName\":\"search_term_string\"}}],\"inLanguage\":\"de\"}]}<\/script>\n<!-- \/ Yoast SEO plugin. -->","yoast_head_json":{"title":"Datenschutzerkl\u00e4rung - Naturreseau","robots":{"index":"index","follow":"follow","max-snippet":"max-snippet:-1","max-image-preview":"max-image-preview:large","max-video-preview":"max-video-preview:-1"},"canonical":"https:\/\/www.naturreseau.lu\/de\/datenschutzerklarung\/","og_locale":"de_DE","og_type":"article","og_title":"Datenschutzerkl\u00e4rung - Naturreseau","og_description":"Traitement des donn\u00e9es \u00e0 caract\u00e8re personnel des visiteurs et des utilisateurs. Le site www.naturreseau.lu est un site web de l&#8217;association natur&amp;emw\u00eblt (dont le si\u00e8ge est situ\u00e9 5, Route de Luxembourg L-1899 Kockelscheuer Luxembourg). natur&amp;emw\u00eblt s\u2019engage \u00e0 ce que la collecte et le traitement de vos donn\u00e9es, effectu\u00e9s \u00e0 parti du site\u00a0www.naturreseau.lu soient conformes au r\u00e8glement [&hellip;]","og_url":"https:\/\/www.naturreseau.lu\/de\/datenschutzerklarung\/","og_site_name":"Naturreseau","article_modified_time":"2024-08-28T12:50:26+00:00","og_image":[{"width":1440,"height":495,"url":"https:\/\/www.naturreseau.lu\/wp-content\/uploads\/2024\/08\/thumbnail06.jpg","type":"image\/jpeg"}],"twitter_card":"summary_large_image","twitter_misc":{"Gesch\u00e4tzte Lesezeit":"3\u00a0Minuten"},"schema":{"@context":"https:\/\/schema.org","@graph":[{"@type":"WebPage","@id":"https:\/\/www.naturreseau.lu\/de\/datenschutzerklarung\/","url":"https:\/\/www.naturreseau.lu\/de\/datenschutzerklarung\/","name":"Datenschutzerkl\u00e4rung - Naturreseau","isPartOf":{"@id":"https:\/\/www.naturreseau.lu\/de\/#website"},"primaryImageOfPage":{"@id":"https:\/\/www.naturreseau.lu\/de\/datenschutzerklarung\/#primaryimage"},"image":{"@id":"https:\/\/www.naturreseau.lu\/de\/datenschutzerklarung\/#primaryimage"},"thumbnailUrl":"https:\/\/www.naturreseau.lu\/wp-content\/uploads\/2024\/08\/thumbnail06.jpg","datePublished":"2024-08-28T12:24:59+00:00","dateModified":"2024-08-28T12:50:26+00:00","breadcrumb":{"@id":"https:\/\/www.naturreseau.lu\/de\/datenschutzerklarung\/#breadcrumb"},"inLanguage":"de","potentialAction":[{"@type":"ReadAction","target":["https:\/\/www.naturreseau.lu\/de\/datenschutzerklarung\/"]}]},{"@type":"ImageObject","inLanguage":"de","@id":"https:\/\/www.naturreseau.lu\/de\/datenschutzerklarung\/#primaryimage","url":"https:\/\/www.naturreseau.lu\/wp-content\/uploads\/2024\/08\/thumbnail06.jpg","contentUrl":"https:\/\/www.naturreseau.lu\/wp-content\/uploads\/2024\/08\/thumbnail06.jpg","width":1440,"height":495},{"@type":"BreadcrumbList","@id":"https:\/\/www.naturreseau.lu\/de\/datenschutzerklarung\/#breadcrumb","itemListElement":[{"@type":"ListItem","position":1,"name":"Home","item":"https:\/\/www.naturreseau.lu\/de\/"},{"@type":"ListItem","position":2,"name":"Datenschutzerkl\u00e4rung"}]},{"@type":"WebSite","@id":"https:\/\/www.naturreseau.lu\/de\/#website","url":"https:\/\/www.naturreseau.lu\/de\/","name":"Naturreseau","description":"My WordPress Blog","potentialAction":[{"@type":"SearchAction","target":{"@type":"EntryPoint","urlTemplate":"https:\/\/www.naturreseau.lu\/de\/?s={search_term_string}"},"query-input":{"@type":"PropertyValueSpecification","valueRequired":true,"valueName":"search_term_string"}}],"inLanguage":"de"}]}},"_links":{"self":[{"href":"https:\/\/www.naturreseau.lu\/de\/wp-json\/wp\/v2\/pages\/615","targetHints":{"allow":["GET"]}}],"collection":[{"href":"https:\/\/www.naturreseau.lu\/de\/wp-json\/wp\/v2\/pages"}],"about":[{"href":"https:\/\/www.naturreseau.lu\/de\/wp-json\/wp\/v2\/types\/page"}],"author":[{"embeddable":true,"href":"https:\/\/www.naturreseau.lu\/de\/wp-json\/wp\/v2\/users\/2"}],"replies":[{"embeddable":true,"href":"https:\/\/www.naturreseau.lu\/de\/wp-json\/wp\/v2\/comments?post=615"}],"version-history":[{"count":1,"href":"https:\/\/www.naturreseau.lu\/de\/wp-json\/wp\/v2\/pages\/615\/revisions"}],"predecessor-version":[{"id":616,"href":"https:\/\/www.naturreseau.lu\/de\/wp-json\/wp\/v2\/pages\/615\/revisions\/616"}],"wp:featuredmedia":[{"embeddable":true,"href":"https:\/\/www.naturreseau.lu\/de\/wp-json\/wp\/v2\/media\/362"}],"wp:attachment":[{"href":"https:\/\/www.naturreseau.lu\/de\/wp-json\/wp\/v2\/media?parent=615"}],"curies":[{"name":"wp","href":"https:\/\/api.w.org\/{rel}","templated":true}]}}