{"id":605,"date":"2024-08-28T12:20:45","date_gmt":"2024-08-28T12:20:45","guid":{"rendered":"https:\/\/www.naturreseau.lu\/mentions-legales\/"},"modified":"2024-08-28T12:24:42","modified_gmt":"2024-08-28T12:24:42","slug":"impressum","status":"publish","type":"page","link":"https:\/\/www.naturreseau.lu\/de\/impressum\/","title":{"rendered":"Impressum"},"content":{"rendered":"<h3><strong>Contact<\/strong><\/h3>\n<p><strong>natur&#038;\u00ebmwelt A.s.b.l.<\/strong> <br \/>\n5, route de Luxembourg<br \/>\nL \u2013 1899 Kockelscheuer<br \/>\nLuxembourg<\/p>\n<p style=\"text-align: justify;\"><strong>E-Mail<\/strong>: secretariat@naturemwelt.lu<br \/>\n<strong>Website<\/strong>: www.naturreseau.lu<\/p>\n<p style=\"text-align: justify;\">Copyright \u00a9 natur&#038;\u00ebmwelt A.s.b.l. , tous droits r\u00e9serv\u00e9s.<\/p>\n<p style=\"text-align: justify;\">L\u2019ensemble de ce site rel\u00e8ve des l\u00e9gislations en vigueur sur les droits d\u2019auteur et de la propri\u00e9t\u00e9 intellectuelle.<br \/>\nTous les textes, illustrations ou autres contenus sont prot\u00e9g\u00e9s par un droit de reproduction.<\/p>\n<p style=\"text-align: justify;\"><strong>Identifi\u00e9 \u00e0 la TVA sous le num\u00e9ro:<\/strong> F9032<\/p>\n<p style=\"text-align: left;\">\u2014\u2014\u2014\u2014\u2014\u2014\u2014\u2014\u2014<\/p>\n<h3><strong>D\u00e9veloppement du site<\/strong> :<\/h3>\n<p style=\"padding-left: 40px;\"><strong>AMYMA WEB S.\u00e0 r.l.<\/strong> :<br \/>\n14, Rue Strachen<br \/>\nL-6933 Mensdorf<br \/>\nLuxembourg<\/p>\n<p style=\"padding-left: 40px;\"><strong>R\u00e9gistre de commerce<\/strong> : B179711<br \/>\n<strong>T\u00e9l<\/strong>: +352 29 71 24<br \/>\n<strong>E-mail<\/strong>: info@amyma.lu<\/p>\n<h3><strong>H\u00e9bergement du site<\/strong> :<\/h3>\n<p style=\"padding-left: 40px;\"><strong>Hetzner Online GmbH<\/strong><br \/>\nIndustriestr. 25<br \/>\n91710 Gunzenhausen<br \/>\nAllemagne<\/p>\n<p style=\"text-align: justify;\">\u2014\u2014\u2014\u2014\u2014\u2014\u2014\u2014\u2014<\/p>\n<h3 style=\"text-align: justify;\">D\u00e9claration de non-responsabilit\u00e9<\/h3>\n<p style=\"text-align: justify;\">Toutes les informations se trouvant sur ce site ont \u00e9t\u00e9 recherch\u00e9es consciencieusement.<br \/>\nMalgr\u00e9 tout, l\u2019\u00e9diteur ne peut en aucun cas \u00eatre tenu responsable en cas d\u2019erreur des informations indiqu\u00e9es.<br \/>\nTous les renseignements sont donn\u00e9s sous r\u00e9serve de modification.<\/p>\n","protected":false},"excerpt":{"rendered":"<p>Contact natur&#038;\u00ebmwelt A.s.b.l. 5, route de Luxembourg L \u2013 1899 Kockelscheuer Luxembourg E-Mail: secretariat@naturemwelt.lu Website: www.naturreseau.lu Copyright \u00a9 natur&#038;\u00ebmwelt A.s.b.l. , tous droits r\u00e9serv\u00e9s. L\u2019ensemble de ce site rel\u00e8ve des l\u00e9gislations en vigueur sur les droits d\u2019auteur et de la propri\u00e9t\u00e9 intellectuelle. Tous les textes, illustrations ou autres contenus sont prot\u00e9g\u00e9s par un droit de [&hellip;]<\/p>\n","protected":false},"author":2,"featured_media":362,"parent":0,"menu_order":0,"comment_status":"closed","ping_status":"closed","template":"","meta":{"_acf_changed":false,"inline_featured_image":false,"footnotes":""},"class_list":["post-605","page","type-page","status-publish","has-post-thumbnail","hentry"],"acf":[],"yoast_head":"<!-- This site is optimized with the Yoast SEO plugin v25.5 - https:\/\/yoast.com\/wordpress\/plugins\/seo\/ -->\n<title>Impressum - Naturreseau<\/title>\n<meta name=\"robots\" content=\"index, follow, max-snippet:-1, max-image-preview:large, max-video-preview:-1\" \/>\n<link rel=\"canonical\" href=\"https:\/\/www.naturreseau.lu\/de\/impressum\/\" \/>\n<meta property=\"og:locale\" content=\"de_DE\" \/>\n<meta property=\"og:type\" content=\"article\" \/>\n<meta property=\"og:title\" content=\"Impressum - Naturreseau\" \/>\n<meta property=\"og:description\" content=\"Contact natur&#038;\u00ebmwelt A.s.b.l. 5, route de Luxembourg L \u2013 1899 Kockelscheuer Luxembourg E-Mail: secretariat@naturemwelt.lu Website: www.naturreseau.lu Copyright \u00a9 natur&#038;\u00ebmwelt A.s.b.l. , tous droits r\u00e9serv\u00e9s. L\u2019ensemble de ce site rel\u00e8ve des l\u00e9gislations en vigueur sur les droits d\u2019auteur et de la propri\u00e9t\u00e9 intellectuelle. Tous les textes, illustrations ou autres contenus sont prot\u00e9g\u00e9s par un droit de [&hellip;]\" \/>\n<meta property=\"og:url\" content=\"https:\/\/www.naturreseau.lu\/de\/impressum\/\" \/>\n<meta property=\"og:site_name\" content=\"Naturreseau\" \/>\n<meta property=\"article:modified_time\" content=\"2024-08-28T12:24:42+00:00\" \/>\n<meta property=\"og:image\" content=\"https:\/\/www.naturreseau.lu\/wp-content\/uploads\/2024\/08\/thumbnail06.jpg\" \/>\n\t<meta property=\"og:image:width\" content=\"1440\" \/>\n\t<meta property=\"og:image:height\" content=\"495\" \/>\n\t<meta property=\"og:image:type\" content=\"image\/jpeg\" \/>\n<meta name=\"twitter:card\" content=\"summary_large_image\" \/>\n<meta name=\"twitter:label1\" content=\"Gesch\u00e4tzte Lesezeit\" \/>\n\t<meta name=\"twitter:data1\" content=\"1\u00a0Minute\" \/>\n<script type=\"application\/ld+json\" class=\"yoast-schema-graph\">{\"@context\":\"https:\/\/schema.org\",\"@graph\":[{\"@type\":\"WebPage\",\"@id\":\"https:\/\/www.naturreseau.lu\/de\/impressum\/\",\"url\":\"https:\/\/www.naturreseau.lu\/de\/impressum\/\",\"name\":\"Impressum - Naturreseau\",\"isPartOf\":{\"@id\":\"https:\/\/www.naturreseau.lu\/de\/#website\"},\"primaryImageOfPage\":{\"@id\":\"https:\/\/www.naturreseau.lu\/de\/impressum\/#primaryimage\"},\"image\":{\"@id\":\"https:\/\/www.naturreseau.lu\/de\/impressum\/#primaryimage\"},\"thumbnailUrl\":\"https:\/\/www.naturreseau.lu\/wp-content\/uploads\/2024\/08\/thumbnail06.jpg\",\"datePublished\":\"2024-08-28T12:20:45+00:00\",\"dateModified\":\"2024-08-28T12:24:42+00:00\",\"breadcrumb\":{\"@id\":\"https:\/\/www.naturreseau.lu\/de\/impressum\/#breadcrumb\"},\"inLanguage\":\"de\",\"potentialAction\":[{\"@type\":\"ReadAction\",\"target\":[\"https:\/\/www.naturreseau.lu\/de\/impressum\/\"]}]},{\"@type\":\"ImageObject\",\"inLanguage\":\"de\",\"@id\":\"https:\/\/www.naturreseau.lu\/de\/impressum\/#primaryimage\",\"url\":\"https:\/\/www.naturreseau.lu\/wp-content\/uploads\/2024\/08\/thumbnail06.jpg\",\"contentUrl\":\"https:\/\/www.naturreseau.lu\/wp-content\/uploads\/2024\/08\/thumbnail06.jpg\",\"width\":1440,\"height\":495},{\"@type\":\"BreadcrumbList\",\"@id\":\"https:\/\/www.naturreseau.lu\/de\/impressum\/#breadcrumb\",\"itemListElement\":[{\"@type\":\"ListItem\",\"position\":1,\"name\":\"Home\",\"item\":\"https:\/\/www.naturreseau.lu\/de\/\"},{\"@type\":\"ListItem\",\"position\":2,\"name\":\"Impressum\"}]},{\"@type\":\"WebSite\",\"@id\":\"https:\/\/www.naturreseau.lu\/de\/#website\",\"url\":\"https:\/\/www.naturreseau.lu\/de\/\",\"name\":\"Naturreseau\",\"description\":\"My WordPress Blog\",\"potentialAction\":[{\"@type\":\"SearchAction\",\"target\":{\"@type\":\"EntryPoint\",\"urlTemplate\":\"https:\/\/www.naturreseau.lu\/de\/?s={search_term_string}\"},\"query-input\":{\"@type\":\"PropertyValueSpecification\",\"valueRequired\":true,\"valueName\":\"search_term_string\"}}],\"inLanguage\":\"de\"}]}<\/script>\n<!-- \/ Yoast SEO plugin. -->","yoast_head_json":{"title":"Impressum - Naturreseau","robots":{"index":"index","follow":"follow","max-snippet":"max-snippet:-1","max-image-preview":"max-image-preview:large","max-video-preview":"max-video-preview:-1"},"canonical":"https:\/\/www.naturreseau.lu\/de\/impressum\/","og_locale":"de_DE","og_type":"article","og_title":"Impressum - Naturreseau","og_description":"Contact natur&#038;\u00ebmwelt A.s.b.l. 5, route de Luxembourg L \u2013 1899 Kockelscheuer Luxembourg E-Mail: secretariat@naturemwelt.lu Website: www.naturreseau.lu Copyright \u00a9 natur&#038;\u00ebmwelt A.s.b.l. , tous droits r\u00e9serv\u00e9s. L\u2019ensemble de ce site rel\u00e8ve des l\u00e9gislations en vigueur sur les droits d\u2019auteur et de la propri\u00e9t\u00e9 intellectuelle. Tous les textes, illustrations ou autres contenus sont prot\u00e9g\u00e9s par un droit de [&hellip;]","og_url":"https:\/\/www.naturreseau.lu\/de\/impressum\/","og_site_name":"Naturreseau","article_modified_time":"2024-08-28T12:24:42+00:00","og_image":[{"width":1440,"height":495,"url":"https:\/\/www.naturreseau.lu\/wp-content\/uploads\/2024\/08\/thumbnail06.jpg","type":"image\/jpeg"}],"twitter_card":"summary_large_image","twitter_misc":{"Gesch\u00e4tzte Lesezeit":"1\u00a0Minute"},"schema":{"@context":"https:\/\/schema.org","@graph":[{"@type":"WebPage","@id":"https:\/\/www.naturreseau.lu\/de\/impressum\/","url":"https:\/\/www.naturreseau.lu\/de\/impressum\/","name":"Impressum - Naturreseau","isPartOf":{"@id":"https:\/\/www.naturreseau.lu\/de\/#website"},"primaryImageOfPage":{"@id":"https:\/\/www.naturreseau.lu\/de\/impressum\/#primaryimage"},"image":{"@id":"https:\/\/www.naturreseau.lu\/de\/impressum\/#primaryimage"},"thumbnailUrl":"https:\/\/www.naturreseau.lu\/wp-content\/uploads\/2024\/08\/thumbnail06.jpg","datePublished":"2024-08-28T12:20:45+00:00","dateModified":"2024-08-28T12:24:42+00:00","breadcrumb":{"@id":"https:\/\/www.naturreseau.lu\/de\/impressum\/#breadcrumb"},"inLanguage":"de","potentialAction":[{"@type":"ReadAction","target":["https:\/\/www.naturreseau.lu\/de\/impressum\/"]}]},{"@type":"ImageObject","inLanguage":"de","@id":"https:\/\/www.naturreseau.lu\/de\/impressum\/#primaryimage","url":"https:\/\/www.naturreseau.lu\/wp-content\/uploads\/2024\/08\/thumbnail06.jpg","contentUrl":"https:\/\/www.naturreseau.lu\/wp-content\/uploads\/2024\/08\/thumbnail06.jpg","width":1440,"height":495},{"@type":"BreadcrumbList","@id":"https:\/\/www.naturreseau.lu\/de\/impressum\/#breadcrumb","itemListElement":[{"@type":"ListItem","position":1,"name":"Home","item":"https:\/\/www.naturreseau.lu\/de\/"},{"@type":"ListItem","position":2,"name":"Impressum"}]},{"@type":"WebSite","@id":"https:\/\/www.naturreseau.lu\/de\/#website","url":"https:\/\/www.naturreseau.lu\/de\/","name":"Naturreseau","description":"My WordPress Blog","potentialAction":[{"@type":"SearchAction","target":{"@type":"EntryPoint","urlTemplate":"https:\/\/www.naturreseau.lu\/de\/?s={search_term_string}"},"query-input":{"@type":"PropertyValueSpecification","valueRequired":true,"valueName":"search_term_string"}}],"inLanguage":"de"}]}},"_links":{"self":[{"href":"https:\/\/www.naturreseau.lu\/de\/wp-json\/wp\/v2\/pages\/605","targetHints":{"allow":["GET"]}}],"collection":[{"href":"https:\/\/www.naturreseau.lu\/de\/wp-json\/wp\/v2\/pages"}],"about":[{"href":"https:\/\/www.naturreseau.lu\/de\/wp-json\/wp\/v2\/types\/page"}],"author":[{"embeddable":true,"href":"https:\/\/www.naturreseau.lu\/de\/wp-json\/wp\/v2\/users\/2"}],"replies":[{"embeddable":true,"href":"https:\/\/www.naturreseau.lu\/de\/wp-json\/wp\/v2\/comments?post=605"}],"version-history":[{"count":1,"href":"https:\/\/www.naturreseau.lu\/de\/wp-json\/wp\/v2\/pages\/605\/revisions"}],"predecessor-version":[{"id":606,"href":"https:\/\/www.naturreseau.lu\/de\/wp-json\/wp\/v2\/pages\/605\/revisions\/606"}],"wp:featuredmedia":[{"embeddable":true,"href":"https:\/\/www.naturreseau.lu\/de\/wp-json\/wp\/v2\/media\/362"}],"wp:attachment":[{"href":"https:\/\/www.naturreseau.lu\/de\/wp-json\/wp\/v2\/media?parent=605"}],"curies":[{"name":"wp","href":"https:\/\/api.w.org\/{rel}","templated":true}]}}