{"id":369,"date":"2024-08-12T02:43:55","date_gmt":"2024-08-12T02:43:55","guid":{"rendered":"https:\/\/www.naturreseau.lu\/home\/"},"modified":"2026-04-22T09:16:08","modified_gmt":"2026-04-22T09:16:08","slug":"naturreseau-luxemburg","status":"publish","type":"page","link":"https:\/\/www.naturreseau.lu\/de\/","title":{"rendered":"Home"},"content":{"rendered":"<h6><strong>Dem Tom s\u00e4in Text :<\/strong><\/h6>\n<h1 class=\"wow slideInDown\">Mehr biologische Vielfalt in Luxemburg<\/h1>\n<p>Nehmen Sie an unserem Biodiversit\u00e4tsprojekt teil und gestalten Sie Naturg\u00e4rten mit \u00f6kologischen Ma\u00dfnahmen zum Schutz der Natur und zur F\u00f6rderung der Artenvielfalt.<\/p>\n<p>&nbsp;<\/p>\n<p>naturreseau &#8211; Gemeinsam Vielfalt pflanzen!<\/p>\n<p>Ein natur&amp;emw\u00eblt Projekt<\/p>\n<p>Das Ziel des Projekts &#8222;naturreseau&#8220; ist es, mehr Artenvielfalt in Privatg\u00e4rten und auf \u00f6ffentlichen Fl\u00e4chen zu f\u00f6rdern, indem heimische Wildpflanzen und gr\u00fcne Praktiken unterst\u00fctzt werden. Machen Sie mit und befolgen Sie die Grunds\u00e4tze unserer Charta.<\/p>\n<p>&nbsp;<\/p>\n<div class=\"item wow slideInDown\">\n<div class=\"info-item\">\n<h3>Privatbesitzer<\/h3>\n<p>Verwandeln Sie Ihren Garten oder Hof in eine Oase f\u00fcr einheimische Arten. Durch den Verzicht auf sch\u00e4dliche Chemikalien und die Einf\u00fchrung einheimischer Pflanzen schaffen Sie eine sichere und bl\u00fchende Umgebung f\u00fcr die heimische Tier- und Pflanzenwelt. Jede kleine Ver\u00e4nderung tr\u00e4gt zu einem gr\u00f6\u00dferen und ges\u00fcnderen \u00d6kosystem bei.<\/p>\n<\/div>\n<\/div>\n<div class=\"item wow slideInDown\">\n<div class=\"icon\"><img decoding=\"async\" src=\"https:\/\/www.naturreseau.lu\/wp-content\/uploads\/2024\/08\/icon02.svg\" alt=\"\" \/><\/div>\n<div class=\"info-item\">\n<h3>Vereine<\/h3>\n<p>Binden Sie Ihre Mitglieder in sinnvolle Naturschutzaktivit\u00e4ten ein. Ob es sich um einen lokalen Verein, eine NGO oder eine Gemeindegruppe handelt, die Organisation von Veranstaltungen und Projekten mit dem Schwerpunkt Biodiversit\u00e4t kann eine gro\u00dfe Wirkung haben. Arbeiten Sie mit anderen Vereinen zusammen, um Ihre Bem\u00fchungen zu verst\u00e4rken.<\/p>\n<\/div>\n<\/div>\n<div class=\"item wow slideInDown\">\n<div class=\"icon\"><img decoding=\"async\" src=\"https:\/\/www.naturreseau.lu\/wp-content\/uploads\/2024\/08\/icon03.svg\" alt=\"\" \/><\/div>\n<div class=\"info-item\">\n<h3>Unternehmen<\/h3>\n<p>St\u00e4rken Sie die soziale Verantwortung Ihres Unternehmens, indem Sie biodiversit\u00e4tsfreundliche Praktiken in Ihre Gesch\u00e4ftsaktivit\u00e4ten integrieren. Schaffen Sie Gr\u00fcnfl\u00e4chen rund um Ihr Firmengel\u00e4nde, unterst\u00fctzen Sie lokale Naturschutzbem\u00fchungen und motivieren Sie Ihre Mitarbeiter und Kunden, die Natur zu sch\u00e4tzen und zu sch\u00fctzen.<\/p>\n<\/div>\n<\/div>\n<div class=\"item wow slideInDown\">\n<div class=\"icon\"><img decoding=\"async\" src=\"https:\/\/www.naturreseau.lu\/wp-content\/uploads\/2024\/08\/icon04.svg\" alt=\"\" \/><\/div>\n<div class=\"info-item\">\n<h3>Gemeinden<\/h3>\n<p>Gehen Sie mit gutem Beispiel voran und verwandeln Sie \u00f6ffentliche Fl\u00e4chen in Biodiversit\u00e4ts-Hotspots. Setzen Sie umweltfreundliche Landschaftsgestaltung in Parks, G\u00e4rten und an Stra\u00dfenr\u00e4ndern um. Sensibilisieren Sie die Bev\u00f6lkerung f\u00fcr die Bedeutung der Biodiversit\u00e4t und f\u00f6rdern Sie die Beteiligung der Bev\u00f6lkerung an Naturschutzprojekten.<\/p>\n<\/div>\n<\/div>\n<div class=\"item wow slideInDown\">\n<div class=\"icon\"><img decoding=\"async\" src=\"https:\/\/www.naturreseau.lu\/wp-content\/uploads\/2024\/08\/icon05.svg\" alt=\"\" \/><\/div>\n<div class=\"info-item\">\n<h3>Schulen<\/h3>\n<p>Integrieren Sie Biodiversit\u00e4tsbildung in Ihren Lehrplan und schaffen Sie Lernr\u00e4ume im Freien, die den Bezug zur Natur f\u00f6rdern. Schulg\u00e4rten und \u00f6kologische Projekte bieten den Sch\u00fclern praktische Erfahrungen und vermitteln ihnen den Wert der Erhaltung und Verbesserung ihrer nat\u00fcrlichen Umgebung.<\/p>\n<\/div>\n<\/div>\n","protected":false},"excerpt":{"rendered":"<p>Dem Tom s\u00e4in Text : Mehr biologische Vielfalt in Luxemburg Nehmen Sie an unserem Biodiversit\u00e4tsprojekt teil und gestalten Sie Naturg\u00e4rten mit \u00f6kologischen Ma\u00dfnahmen zum Schutz der Natur und zur F\u00f6rderung der Artenvielfalt. &nbsp; naturreseau &#8211; Gemeinsam Vielfalt pflanzen! Ein natur&amp;emw\u00eblt Projekt Das Ziel des Projekts &#8222;naturreseau&#8220; ist es, mehr Artenvielfalt in Privatg\u00e4rten und auf \u00f6ffentlichen [&hellip;]<\/p>\n","protected":false},"author":2,"featured_media":0,"parent":0,"menu_order":0,"comment_status":"closed","ping_status":"closed","template":"page-templates\/template-home.php","meta":{"_acf_changed":false,"inline_featured_image":false,"footnotes":""},"class_list":["post-369","page","type-page","status-publish","hentry"],"acf":[],"yoast_head":"<!-- This site is optimized with the Yoast SEO plugin v25.5 - https:\/\/yoast.com\/wordpress\/plugins\/seo\/ -->\n<title>Home - Naturreseau<\/title>\n<meta name=\"description\" content=\"Setzen Sie sich f\u00fcr Biodiversit\u00e4t in Luxemburg ein! Werden Sie Teil des naturreseau und verwandeln Sie Ihren Garten in einen wertvollen Lebensraum.\" \/>\n<meta name=\"robots\" content=\"index, follow, max-snippet:-1, max-image-preview:large, max-video-preview:-1\" \/>\n<link rel=\"canonical\" href=\"https:\/\/www.naturreseau.lu\/de\/\" \/>\n<meta property=\"og:locale\" content=\"de_DE\" \/>\n<meta property=\"og:type\" content=\"article\" \/>\n<meta property=\"og:title\" content=\"Home - Naturreseau\" \/>\n<meta property=\"og:description\" content=\"Setzen Sie sich f\u00fcr Biodiversit\u00e4t in Luxemburg ein! Werden Sie Teil des naturreseau und verwandeln Sie Ihren Garten in einen wertvollen Lebensraum.\" \/>\n<meta property=\"og:url\" content=\"https:\/\/www.naturreseau.lu\/de\/\" \/>\n<meta property=\"og:site_name\" content=\"Naturreseau\" \/>\n<meta property=\"article:modified_time\" content=\"2026-04-22T09:16:08+00:00\" \/>\n<meta property=\"og:image\" content=\"https:\/\/www.naturreseau.lu\/wp-content\/uploads\/2024\/08\/icon02.svg\" \/>\n<meta name=\"twitter:card\" content=\"summary_large_image\" \/>\n<meta name=\"twitter:label1\" content=\"Gesch\u00e4tzte Lesezeit\" \/>\n\t<meta name=\"twitter:data1\" content=\"3\u00a0Minuten\" \/>\n<script type=\"application\/ld+json\" class=\"yoast-schema-graph\">{\"@context\":\"https:\/\/schema.org\",\"@graph\":[{\"@type\":\"WebPage\",\"@id\":\"https:\/\/www.naturreseau.lu\/de\/\",\"url\":\"https:\/\/www.naturreseau.lu\/de\/\",\"name\":\"Home - Naturreseau\",\"isPartOf\":{\"@id\":\"https:\/\/www.naturreseau.lu\/de\/#website\"},\"primaryImageOfPage\":{\"@id\":\"https:\/\/www.naturreseau.lu\/de\/#primaryimage\"},\"image\":{\"@id\":\"https:\/\/www.naturreseau.lu\/de\/#primaryimage\"},\"thumbnailUrl\":\"https:\/\/www.naturreseau.lu\/wp-content\/uploads\/2024\/08\/icon02.svg\",\"datePublished\":\"2024-08-12T02:43:55+00:00\",\"dateModified\":\"2026-04-22T09:16:08+00:00\",\"description\":\"Setzen Sie sich f\u00fcr Biodiversit\u00e4t in Luxemburg ein! Werden Sie Teil des naturreseau und verwandeln Sie Ihren Garten in einen wertvollen Lebensraum.\",\"breadcrumb\":{\"@id\":\"https:\/\/www.naturreseau.lu\/de\/#breadcrumb\"},\"inLanguage\":\"de\",\"potentialAction\":[{\"@type\":\"ReadAction\",\"target\":[\"https:\/\/www.naturreseau.lu\/de\/\"]}]},{\"@type\":\"ImageObject\",\"inLanguage\":\"de\",\"@id\":\"https:\/\/www.naturreseau.lu\/de\/#primaryimage\",\"url\":\"https:\/\/www.naturreseau.lu\/wp-content\/uploads\/2024\/08\/icon02.svg\",\"contentUrl\":\"https:\/\/www.naturreseau.lu\/wp-content\/uploads\/2024\/08\/icon02.svg\"},{\"@type\":\"BreadcrumbList\",\"@id\":\"https:\/\/www.naturreseau.lu\/de\/#breadcrumb\",\"itemListElement\":[{\"@type\":\"ListItem\",\"position\":1,\"name\":\"Home\",\"item\":\"https:\/\/www.naturreseau.lu\/de\/\"},{\"@type\":\"ListItem\",\"position\":2,\"name\":\"Home\"}]},{\"@type\":\"WebSite\",\"@id\":\"https:\/\/www.naturreseau.lu\/de\/#website\",\"url\":\"https:\/\/www.naturreseau.lu\/de\/\",\"name\":\"Naturreseau\",\"description\":\"My WordPress Blog\",\"potentialAction\":[{\"@type\":\"SearchAction\",\"target\":{\"@type\":\"EntryPoint\",\"urlTemplate\":\"https:\/\/www.naturreseau.lu\/de\/?s={search_term_string}\"},\"query-input\":{\"@type\":\"PropertyValueSpecification\",\"valueRequired\":true,\"valueName\":\"search_term_string\"}}],\"inLanguage\":\"de\"}]}<\/script>\n<!-- \/ Yoast SEO plugin. -->","yoast_head_json":{"title":"Home - Naturreseau","description":"Setzen Sie sich f\u00fcr Biodiversit\u00e4t in Luxemburg ein! Werden Sie Teil des naturreseau und verwandeln Sie Ihren Garten in einen wertvollen Lebensraum.","robots":{"index":"index","follow":"follow","max-snippet":"max-snippet:-1","max-image-preview":"max-image-preview:large","max-video-preview":"max-video-preview:-1"},"canonical":"https:\/\/www.naturreseau.lu\/de\/","og_locale":"de_DE","og_type":"article","og_title":"Home - Naturreseau","og_description":"Setzen Sie sich f\u00fcr Biodiversit\u00e4t in Luxemburg ein! Werden Sie Teil des naturreseau und verwandeln Sie Ihren Garten in einen wertvollen Lebensraum.","og_url":"https:\/\/www.naturreseau.lu\/de\/","og_site_name":"Naturreseau","article_modified_time":"2026-04-22T09:16:08+00:00","og_image":[{"url":"https:\/\/www.naturreseau.lu\/wp-content\/uploads\/2024\/08\/icon02.svg","type":"","width":"","height":""}],"twitter_card":"summary_large_image","twitter_misc":{"Gesch\u00e4tzte Lesezeit":"3\u00a0Minuten"},"schema":{"@context":"https:\/\/schema.org","@graph":[{"@type":"WebPage","@id":"https:\/\/www.naturreseau.lu\/de\/","url":"https:\/\/www.naturreseau.lu\/de\/","name":"Home - Naturreseau","isPartOf":{"@id":"https:\/\/www.naturreseau.lu\/de\/#website"},"primaryImageOfPage":{"@id":"https:\/\/www.naturreseau.lu\/de\/#primaryimage"},"image":{"@id":"https:\/\/www.naturreseau.lu\/de\/#primaryimage"},"thumbnailUrl":"https:\/\/www.naturreseau.lu\/wp-content\/uploads\/2024\/08\/icon02.svg","datePublished":"2024-08-12T02:43:55+00:00","dateModified":"2026-04-22T09:16:08+00:00","description":"Setzen Sie sich f\u00fcr Biodiversit\u00e4t in Luxemburg ein! Werden Sie Teil des naturreseau und verwandeln Sie Ihren Garten in einen wertvollen Lebensraum.","breadcrumb":{"@id":"https:\/\/www.naturreseau.lu\/de\/#breadcrumb"},"inLanguage":"de","potentialAction":[{"@type":"ReadAction","target":["https:\/\/www.naturreseau.lu\/de\/"]}]},{"@type":"ImageObject","inLanguage":"de","@id":"https:\/\/www.naturreseau.lu\/de\/#primaryimage","url":"https:\/\/www.naturreseau.lu\/wp-content\/uploads\/2024\/08\/icon02.svg","contentUrl":"https:\/\/www.naturreseau.lu\/wp-content\/uploads\/2024\/08\/icon02.svg"},{"@type":"BreadcrumbList","@id":"https:\/\/www.naturreseau.lu\/de\/#breadcrumb","itemListElement":[{"@type":"ListItem","position":1,"name":"Home","item":"https:\/\/www.naturreseau.lu\/de\/"},{"@type":"ListItem","position":2,"name":"Home"}]},{"@type":"WebSite","@id":"https:\/\/www.naturreseau.lu\/de\/#website","url":"https:\/\/www.naturreseau.lu\/de\/","name":"Naturreseau","description":"My WordPress Blog","potentialAction":[{"@type":"SearchAction","target":{"@type":"EntryPoint","urlTemplate":"https:\/\/www.naturreseau.lu\/de\/?s={search_term_string}"},"query-input":{"@type":"PropertyValueSpecification","valueRequired":true,"valueName":"search_term_string"}}],"inLanguage":"de"}]}},"_links":{"self":[{"href":"https:\/\/www.naturreseau.lu\/de\/wp-json\/wp\/v2\/pages\/369","targetHints":{"allow":["GET"]}}],"collection":[{"href":"https:\/\/www.naturreseau.lu\/de\/wp-json\/wp\/v2\/pages"}],"about":[{"href":"https:\/\/www.naturreseau.lu\/de\/wp-json\/wp\/v2\/types\/page"}],"author":[{"embeddable":true,"href":"https:\/\/www.naturreseau.lu\/de\/wp-json\/wp\/v2\/users\/2"}],"replies":[{"embeddable":true,"href":"https:\/\/www.naturreseau.lu\/de\/wp-json\/wp\/v2\/comments?post=369"}],"version-history":[{"count":25,"href":"https:\/\/www.naturreseau.lu\/de\/wp-json\/wp\/v2\/pages\/369\/revisions"}],"predecessor-version":[{"id":1051,"href":"https:\/\/www.naturreseau.lu\/de\/wp-json\/wp\/v2\/pages\/369\/revisions\/1051"}],"wp:attachment":[{"href":"https:\/\/www.naturreseau.lu\/de\/wp-json\/wp\/v2\/media?parent=369"}],"curies":[{"name":"wp","href":"https:\/\/api.w.org\/{rel}","templated":true}]}}